{"id":94,"date":"2015-11-19T08:21:37","date_gmt":"2015-11-19T07:21:37","guid":{"rendered":"http:\/\/www.cliniquemamao.pf\/?page_id=94"},"modified":"2023-01-30T21:10:27","modified_gmt":"2023-01-31T07:10:27","slug":"praticiens-par-specialites","status":"publish","type":"page","link":"https:\/\/www.cliniquemamao.pf\/?page_id=94","title":{"rendered":"Praticiens par sp\u00e9cialit\u00e9s"},"content":{"rendered":"<p>Anesth\u00e9sie &#8211; R\u00e9animation<\/p>\n<ul>\n<li>Dr Xavier DA COL<\/li>\n<li>Dr Nicolas HANTALA<\/li>\n<li>Dr Simon POIGNANT<\/li>\n<li>Dr Guillaume RISCHMANN<\/li>\n<li>Dr Dominique SUCHET<\/li>\n<li>Dr Thomas VEMPAIRE<\/li>\n<li>Dr Julie VILLARD<\/li>\n<\/ul>\n<p>Cardiologie<\/p>\n<ul>\n<li>Dr\u00a0IN\u00a0Sirivuth<\/li>\n<\/ul>\n<p>Chirurgie dentaire<\/p>\n<ul>\n<li>Dr\u00a0LABADIE\u00a0Antoine<\/li>\n<\/ul>\n<p>Chirurgie Orthop\u00e9dique<\/p>\n<ul>\n<li>Dr <a href=\"http:\/\/www.cliniquemamao.pf\/?page_id=116\">BELLI Charles<\/a><\/li>\n<li>Dr <a href=\"http:\/\/www.cliniquemamao.pf\/?page_id=122\">EVENAT Fr\u00e9d\u00e9ric<\/a><\/li>\n<li>Dr RUIZ Nicolas<\/li>\n<li>Dr <a href=\"http:\/\/www.cliniquemamao.pf\/?page_id=186\">S\u00d6DERLUND\u00a0Christian<\/a><\/li>\n<\/ul>\n<p>Gastro-ent\u00e9rologie &#8211; M\u00e9decine interne<\/p>\n<ul>\n<li>Dr COUGARD Pierre-Alain<\/li>\n<\/ul>\n<p>Kin\u00e9sith\u00e9rapie &#8211; Ost\u00e9opathie<\/p>\n<ul>\n<li>M.\u00a0THIROUARD\u00a0Gr\u00e9gory<\/li>\n<li>M.\u00a0THIROUARD\u00a0Jean-Marie<\/li>\n<\/ul>\n<p>Pharmacie \u00e0 Usage Int\u00e9rieur<\/p>\n<ul>\n<li>Dr PASCHE Carole<\/li>\n<li>Dr TONNERRE Guewen<\/li>\n<\/ul>\n<p>P\u00e9diatrie<\/p>\n<ul>\n<li>Dr KHOOBARRY Elma<\/li>\n<\/ul>\n<p>Pneumologie<\/p>\n<ul>\n<li>Dr\u00a0<a href=\"http:\/\/www.cliniquemamao.pf\/?page_id=128\">FERRER-LOPEZ\u00a0Pablo<\/a><\/li>\n<\/ul>\n<p>Radiologie &#8211; Echographie &#8211; Scanner &#8211; IRM<\/p>\n<ul>\n<li>Dr ARTUR Prisca<\/li>\n<\/ul>\n","protected":false},"excerpt":{"rendered":"<p>Anesth\u00e9sie &#8211; R\u00e9animation Dr Xavier DA COL Dr Nicolas HANTALA Dr Simon POIGNANT Dr Guillaume RISCHMANN Dr Dominique SUCHET Dr Thomas VEMPAIRE Dr Julie VILLARD Cardiologie Dr\u00a0IN\u00a0Sirivuth Chirurgie dentaire Dr\u00a0LABADIE\u00a0Antoine Chirurgie Orthop\u00e9dique Dr BELLI Charles Dr EVENAT Fr\u00e9d\u00e9ric Dr RUIZ Nicolas Dr S\u00d6DERLUND\u00a0Christian Gastro-ent\u00e9rologie &#8211; M\u00e9decine interne Dr COUGARD Pierre-Alain Kin\u00e9sith\u00e9rapie &#8211; Ost\u00e9opathie M.\u00a0THIROUARD\u00a0Gr\u00e9gory M.\u00a0THIROUARD\u00a0Jean-Marie &hellip; <a href=\"https:\/\/www.cliniquemamao.pf\/?page_id=94\" class=\"more-link\">Continuer la lecture<span class=\"screen-reader-text\"> de <span class=\"screen-reader-text\">Praticiens par sp\u00e9cialit\u00e9s<\/span><\/span>&nbsp;<span class=\"meta-nav\">&rarr;<\/span><\/a><\/p>\n","protected":false},"author":1,"featured_media":0,"parent":0,"menu_order":0,"comment_status":"closed","ping_status":"closed","template":"","meta":{"footnotes":""},"class_list":["post-94","page","type-page","status-publish","hentry"],"_links":{"self":[{"href":"https:\/\/www.cliniquemamao.pf\/index.php?rest_route=\/wp\/v2\/pages\/94","targetHints":{"allow":["GET"]}}],"collection":[{"href":"https:\/\/www.cliniquemamao.pf\/index.php?rest_route=\/wp\/v2\/pages"}],"about":[{"href":"https:\/\/www.cliniquemamao.pf\/index.php?rest_route=\/wp\/v2\/types\/page"}],"author":[{"embeddable":true,"href":"https:\/\/www.cliniquemamao.pf\/index.php?rest_route=\/wp\/v2\/users\/1"}],"replies":[{"embeddable":true,"href":"https:\/\/www.cliniquemamao.pf\/index.php?rest_route=%2Fwp%2Fv2%2Fcomments&post=94"}],"version-history":[{"count":10,"href":"https:\/\/www.cliniquemamao.pf\/index.php?rest_route=\/wp\/v2\/pages\/94\/revisions"}],"predecessor-version":[{"id":212,"href":"https:\/\/www.cliniquemamao.pf\/index.php?rest_route=\/wp\/v2\/pages\/94\/revisions\/212"}],"wp:attachment":[{"href":"https:\/\/www.cliniquemamao.pf\/index.php?rest_route=%2Fwp%2Fv2%2Fmedia&parent=94"}],"curies":[{"name":"wp","href":"https:\/\/api.w.org\/{rel}","templated":true}]}}