{"id":87,"date":"2015-11-19T08:20:08","date_gmt":"2015-11-19T07:20:08","guid":{"rendered":"http:\/\/www.cliniquemamao.pf\/?page_id=87"},"modified":"2015-12-02T07:58:42","modified_gmt":"2015-12-02T17:58:42","slug":"nous-joindre","status":"publish","type":"page","link":"https:\/\/www.cliniquemamao.pf\/?page_id=87","title":{"rendered":"Nous joindre"},"content":{"rendered":"<p>Si votre \u00e9tat n\u00e9cessite\u00a0une consultation, un suivi, un examen ou un traitement avec un m\u00e9decin ou un sp\u00e9cialiste ou que vous devez subir une chirurgie, d\u00e9couvrez quels sp\u00e9cialistes \u0153uvrent dans notre clinique.<\/p>\n<p>Notre Standard: +689 40.54.03.54<br \/>\nNotre Fax: +689 40.54.03.57<\/p>\n<div role=\"form\" class=\"wpcf7\" id=\"wpcf7-f183-o1\" lang=\"fr-FR\" dir=\"ltr\">\n<div class=\"screen-reader-response\"><\/div>\n<form action=\"\/index.php?rest_route=%2Fwp%2Fv2%2Fpages%2F87#wpcf7-f183-o1\" method=\"post\" class=\"wpcf7-form\" novalidate=\"novalidate\">\n<div style=\"display: none;\">\n<input type=\"hidden\" name=\"_wpcf7\" value=\"183\" \/>\n<input type=\"hidden\" name=\"_wpcf7_version\" value=\"4.3.1\" \/>\n<input type=\"hidden\" name=\"_wpcf7_locale\" value=\"fr_FR\" \/>\n<input type=\"hidden\" name=\"_wpcf7_unit_tag\" value=\"wpcf7-f183-o1\" \/>\n<input type=\"hidden\" name=\"_wpnonce\" value=\"9fd263afb9\" \/>\n<\/div>\n<p>Votre nom (obligatoire)<br \/>\n    <span class=\"wpcf7-form-control-wrap your-name\"><input type=\"text\" name=\"your-name\" value=\"\" size=\"40\" class=\"wpcf7-form-control wpcf7-text wpcf7-validates-as-required\" aria-required=\"true\" aria-invalid=\"false\" \/><\/span> <\/p>\n<p>Votre email (obligatoire)<br \/>\n    <span class=\"wpcf7-form-control-wrap your-email\"><input type=\"email\" name=\"your-email\" value=\"\" size=\"40\" class=\"wpcf7-form-control wpcf7-text wpcf7-email wpcf7-validates-as-required wpcf7-validates-as-email\" aria-required=\"true\" aria-invalid=\"false\" \/><\/span> <\/p>\n<p>Sujet<br \/>\n    <span class=\"wpcf7-form-control-wrap your-subject\"><input type=\"text\" name=\"your-subject\" value=\"\" size=\"40\" class=\"wpcf7-form-control wpcf7-text\" aria-invalid=\"false\" \/><\/span> <\/p>\n<p>Votre message<br \/>\n    <span class=\"wpcf7-form-control-wrap your-message\"><textarea name=\"your-message\" cols=\"40\" rows=\"10\" class=\"wpcf7-form-control wpcf7-textarea\" aria-invalid=\"false\"><\/textarea><\/span> <\/p>\n<p><input type=\"submit\" value=\"Envoyer\" class=\"wpcf7-form-control wpcf7-submit\" \/><\/p>\n<div class=\"wpcf7-response-output wpcf7-display-none\"><\/div><\/form><\/div>\n","protected":false},"excerpt":{"rendered":"<p>Si votre \u00e9tat n\u00e9cessite\u00a0une consultation, un suivi, un examen ou un traitement avec un m\u00e9decin ou un sp\u00e9cialiste ou que vous devez subir une chirurgie, d\u00e9couvrez quels sp\u00e9cialistes \u0153uvrent dans notre clinique. Notre Standard: +689 40.54.03.54 Notre Fax: +689 40.54.03.57<\/p>\n","protected":false},"author":1,"featured_media":0,"parent":0,"menu_order":0,"comment_status":"closed","ping_status":"closed","template":"","meta":{"footnotes":""},"class_list":["post-87","page","type-page","status-publish","hentry"],"_links":{"self":[{"href":"https:\/\/www.cliniquemamao.pf\/index.php?rest_route=\/wp\/v2\/pages\/87","targetHints":{"allow":["GET"]}}],"collection":[{"href":"https:\/\/www.cliniquemamao.pf\/index.php?rest_route=\/wp\/v2\/pages"}],"about":[{"href":"https:\/\/www.cliniquemamao.pf\/index.php?rest_route=\/wp\/v2\/types\/page"}],"author":[{"embeddable":true,"href":"https:\/\/www.cliniquemamao.pf\/index.php?rest_route=\/wp\/v2\/users\/1"}],"replies":[{"embeddable":true,"href":"https:\/\/www.cliniquemamao.pf\/index.php?rest_route=%2Fwp%2Fv2%2Fcomments&post=87"}],"version-history":[{"count":4,"href":"https:\/\/www.cliniquemamao.pf\/index.php?rest_route=\/wp\/v2\/pages\/87\/revisions"}],"predecessor-version":[{"id":184,"href":"https:\/\/www.cliniquemamao.pf\/index.php?rest_route=\/wp\/v2\/pages\/87\/revisions\/184"}],"wp:attachment":[{"href":"https:\/\/www.cliniquemamao.pf\/index.php?rest_route=%2Fwp%2Fv2%2Fmedia&parent=87"}],"curies":[{"name":"wp","href":"https:\/\/api.w.org\/{rel}","templated":true}]}}