{"id":65,"date":"2015-11-17T05:45:10","date_gmt":"2015-11-17T04:45:10","guid":{"rendered":"http:\/\/www.cliniquemamao.pf\/?page_id=65"},"modified":"2018-02-10T15:26:14","modified_gmt":"2018-02-11T01:26:14","slug":"conseils-apres-la-sortie","status":"publish","type":"page","link":"https:\/\/www.cliniquemamao.pf\/?page_id=65","title":{"rendered":"Conseils apr\u00e8s la sortie"},"content":{"rendered":"<p>Activit\u00e9<\/p>\n<p>Les 24h suivant l\u2019anesth\u00e9sie g\u00e9n\u00e9rale ou locale, \u00e9vitez\u00a0d\u2019absorber de l\u2019alcool, de conduire ou de prendre des tranquillisants ou autres m\u00e9dications que celle prescrite par votre m\u00e9decin.<\/p>\n<p>Pansement<\/p>\n<p>Il vous faudra garder votre pansement propre et sec,\u00a0jusqu\u2019\u00e0\u00a0ce qu\u2019on vous permette de l\u2019enlever. Par la suite, continuez \u00e0 prot\u00e9ger la zone concern\u00e9e, pas de cr\u00e8me ou de poudre, pas de frottements lors des douches.<\/p>\n","protected":false},"excerpt":{"rendered":"<p>Activit\u00e9 Les 24h suivant l\u2019anesth\u00e9sie g\u00e9n\u00e9rale ou locale, \u00e9vitez\u00a0d\u2019absorber de l\u2019alcool, de conduire ou de prendre des tranquillisants ou autres m\u00e9dications que celle prescrite par votre m\u00e9decin. Pansement Il vous faudra garder votre pansement propre et sec,\u00a0jusqu\u2019\u00e0\u00a0ce qu\u2019on vous permette de l\u2019enlever. Par la suite, continuez \u00e0 prot\u00e9ger la zone concern\u00e9e, pas de cr\u00e8me ou &hellip; <a href=\"https:\/\/www.cliniquemamao.pf\/?page_id=65\" class=\"more-link\">Continuer la lecture<span class=\"screen-reader-text\"> de <span class=\"screen-reader-text\">Conseils apr\u00e8s la sortie<\/span><\/span>&nbsp;<span class=\"meta-nav\">&rarr;<\/span><\/a><\/p>\n","protected":false},"author":1,"featured_media":0,"parent":0,"menu_order":0,"comment_status":"closed","ping_status":"closed","template":"","meta":{"footnotes":""},"class_list":["post-65","page","type-page","status-publish","hentry"],"_links":{"self":[{"href":"https:\/\/www.cliniquemamao.pf\/index.php?rest_route=\/wp\/v2\/pages\/65","targetHints":{"allow":["GET"]}}],"collection":[{"href":"https:\/\/www.cliniquemamao.pf\/index.php?rest_route=\/wp\/v2\/pages"}],"about":[{"href":"https:\/\/www.cliniquemamao.pf\/index.php?rest_route=\/wp\/v2\/types\/page"}],"author":[{"embeddable":true,"href":"https:\/\/www.cliniquemamao.pf\/index.php?rest_route=\/wp\/v2\/users\/1"}],"replies":[{"embeddable":true,"href":"https:\/\/www.cliniquemamao.pf\/index.php?rest_route=%2Fwp%2Fv2%2Fcomments&post=65"}],"version-history":[{"count":1,"href":"https:\/\/www.cliniquemamao.pf\/index.php?rest_route=\/wp\/v2\/pages\/65\/revisions"}],"predecessor-version":[{"id":66,"href":"https:\/\/www.cliniquemamao.pf\/index.php?rest_route=\/wp\/v2\/pages\/65\/revisions\/66"}],"wp:attachment":[{"href":"https:\/\/www.cliniquemamao.pf\/index.php?rest_route=%2Fwp%2Fv2%2Fmedia&parent=65"}],"curies":[{"name":"wp","href":"https:\/\/api.w.org\/{rel}","templated":true}]}}