{"id":6,"date":"2015-11-17T05:30:44","date_gmt":"2015-11-17T04:30:44","guid":{"rendered":"http:\/\/www.cliniquemamao.pf\/?page_id=6"},"modified":"2018-02-10T15:26:14","modified_gmt":"2018-02-11T01:26:14","slug":"la-clinique","status":"publish","type":"page","link":"https:\/\/www.cliniquemamao.pf\/?page_id=6","title":{"rendered":"La Clinique"},"content":{"rendered":"<p>La Clinique est id\u00e9alement localis\u00e9e.<\/p>\n<p>Si vous avez besoin d\u2019une prise en charge de la C.P.S., l\u2019organisme social\u00a0n\u2019est situ\u00e9 qu\u2019\u00e0 2 minutes \u00e0 pied.<\/p>\n<p>Vous trouverez \u00e9galement \u00e0 proximit\u00e9 de l\u2019immeuble de nombreux commerces : une pharmacie, un opticien et un magasin de mat\u00e9riel orthop\u00e9dique et de r\u00e9\u00e9ducation ;\u00a0 mais aussi de nombreuses places de parkings\u2026<\/p>\n<div id=\"sl_div\"><form onsubmit='cslmap.searchLocations(); return false;' id='searchForm' action=''><div id=\"address_search\">                        <div id='addy_in_address' class='search_item'><label for='addressInput'>95, ave Georges Cl\u00e9menceau<\/label><input type='text' id='addressInput' name='addressInput' placeholder='' size='50' value='' \/><\/div>                                                                <div class=\"search_item\">            <div id='addy_in_radius'><label for='radiusSelect'>A l'int\u00e9rieur<\/label><select id='radiusSelect'><option value='1' >1 km<\/option><option value='2' >2 km<\/option><option value='5' >5 km<\/option><option value='10' >10 km<\/option><option value='50' >50 km<\/option><\/select><\/div>            <div id='radius_in_submit'><input type=\"submit\" class=\"slp_ui_button\" value='Find Locations' id='addressSubmit'\/><\/div>        <\/div>                    <\/div><\/form><div id=\"map\" class=\"slp_map\"><\/div><div id=\"slp_tagline\">search provided by <a href='http:\/\/www.storelocatorplus.com\/' target='_blank'>Store Locator Plus<\/a><\/div><div id=\"map_sidebar\"><div class=\"text_below_map\">Entrez une adresse ou un Code Postal et cliquez sur Trouver Points de Vente.<\/div><\/div><\/div>\n","protected":false},"excerpt":{"rendered":"<p>La Clinique est id\u00e9alement localis\u00e9e. Si vous avez besoin d\u2019une prise en charge de la C.P.S., l\u2019organisme social\u00a0n\u2019est situ\u00e9 qu\u2019\u00e0 2 minutes \u00e0 pied. Vous trouverez \u00e9galement \u00e0 proximit\u00e9 de l\u2019immeuble de nombreux commerces : une pharmacie, un opticien et un magasin de mat\u00e9riel orthop\u00e9dique et de r\u00e9\u00e9ducation ;\u00a0 mais aussi de nombreuses places de &hellip; <a href=\"https:\/\/www.cliniquemamao.pf\/?page_id=6\" class=\"more-link\">Continuer la lecture<span class=\"screen-reader-text\"> de <span class=\"screen-reader-text\">La Clinique<\/span><\/span>&nbsp;<span class=\"meta-nav\">&rarr;<\/span><\/a><\/p>\n","protected":false},"author":1,"featured_media":0,"parent":0,"menu_order":0,"comment_status":"closed","ping_status":"closed","template":"","meta":{"footnotes":""},"class_list":["post-6","page","type-page","status-publish","hentry"],"_links":{"self":[{"href":"https:\/\/www.cliniquemamao.pf\/index.php?rest_route=\/wp\/v2\/pages\/6","targetHints":{"allow":["GET"]}}],"collection":[{"href":"https:\/\/www.cliniquemamao.pf\/index.php?rest_route=\/wp\/v2\/pages"}],"about":[{"href":"https:\/\/www.cliniquemamao.pf\/index.php?rest_route=\/wp\/v2\/types\/page"}],"author":[{"embeddable":true,"href":"https:\/\/www.cliniquemamao.pf\/index.php?rest_route=\/wp\/v2\/users\/1"}],"replies":[{"embeddable":true,"href":"https:\/\/www.cliniquemamao.pf\/index.php?rest_route=%2Fwp%2Fv2%2Fcomments&post=6"}],"version-history":[{"count":2,"href":"https:\/\/www.cliniquemamao.pf\/index.php?rest_route=\/wp\/v2\/pages\/6\/revisions"}],"predecessor-version":[{"id":181,"href":"https:\/\/www.cliniquemamao.pf\/index.php?rest_route=\/wp\/v2\/pages\/6\/revisions\/181"}],"wp:attachment":[{"href":"https:\/\/www.cliniquemamao.pf\/index.php?rest_route=%2Fwp%2Fv2%2Fmedia&parent=6"}],"curies":[{"name":"wp","href":"https:\/\/api.w.org\/{rel}","templated":true}]}}