{"id":59,"date":"2015-11-17T05:44:07","date_gmt":"2015-11-17T04:44:07","guid":{"rendered":"http:\/\/www.cliniquemamao.pf\/?page_id=59"},"modified":"2015-11-17T05:44:07","modified_gmt":"2015-11-17T04:44:07","slug":"le-jour-de-lintervention","status":"publish","type":"page","link":"https:\/\/www.cliniquemamao.pf\/?page_id=59","title":{"rendered":"Le jour de l&rsquo;intervention"},"content":{"rendered":"<p>A votre arriv\u00e9e, un membre de l\u2019\u00e9quipe soignante vous accueillera.<\/p>\n<p>Conform\u00e9ment au chapitre du consentement \u00e9clair\u00e9, aucun acte m\u00e9dical ne sera pratiqu\u00e9 sans votre consentement libre et \u00e9clair\u00e9. Vous pouvez toujours revenir sur une \u00e9ventuelle d\u00e9cision de refus de soins.<\/p>\n<p>Vous confirmez votre intervention, on vous demandera de vous changer et d\u2019\u00f4ter bijoux, piercings, lentilles de contact, lunettes, proth\u00e8ses auditives ou dentaires car interdits au bloc.<\/p>\n<p>On vous guidera ensuite \u00e0 la salle d\u2019op\u00e9ration, \u00e0 partir de ce moment l\u00e0, la personne vous accompagnant vous attendra dans la salle d\u2019attente.<\/p>\n","protected":false},"excerpt":{"rendered":"<p>A votre arriv\u00e9e, un membre de l\u2019\u00e9quipe soignante vous accueillera. Conform\u00e9ment au chapitre du consentement \u00e9clair\u00e9, aucun acte m\u00e9dical ne sera pratiqu\u00e9 sans votre consentement libre et \u00e9clair\u00e9. Vous pouvez toujours revenir sur une \u00e9ventuelle d\u00e9cision de refus de soins. Vous confirmez votre intervention, on vous demandera de vous changer et d\u2019\u00f4ter bijoux, piercings, lentilles &hellip; <a href=\"https:\/\/www.cliniquemamao.pf\/?page_id=59\" class=\"more-link\">Continuer la lecture<span class=\"screen-reader-text\"> de <span class=\"screen-reader-text\">Le jour de l&rsquo;intervention<\/span><\/span>&nbsp;<span class=\"meta-nav\">&rarr;<\/span><\/a><\/p>\n","protected":false},"author":1,"featured_media":0,"parent":0,"menu_order":0,"comment_status":"closed","ping_status":"closed","template":"","meta":{"footnotes":""},"class_list":["post-59","page","type-page","status-publish","hentry"],"_links":{"self":[{"href":"https:\/\/www.cliniquemamao.pf\/index.php?rest_route=\/wp\/v2\/pages\/59","targetHints":{"allow":["GET"]}}],"collection":[{"href":"https:\/\/www.cliniquemamao.pf\/index.php?rest_route=\/wp\/v2\/pages"}],"about":[{"href":"https:\/\/www.cliniquemamao.pf\/index.php?rest_route=\/wp\/v2\/types\/page"}],"author":[{"embeddable":true,"href":"https:\/\/www.cliniquemamao.pf\/index.php?rest_route=\/wp\/v2\/users\/1"}],"replies":[{"embeddable":true,"href":"https:\/\/www.cliniquemamao.pf\/index.php?rest_route=%2Fwp%2Fv2%2Fcomments&post=59"}],"version-history":[{"count":1,"href":"https:\/\/www.cliniquemamao.pf\/index.php?rest_route=\/wp\/v2\/pages\/59\/revisions"}],"predecessor-version":[{"id":60,"href":"https:\/\/www.cliniquemamao.pf\/index.php?rest_route=\/wp\/v2\/pages\/59\/revisions\/60"}],"wp:attachment":[{"href":"https:\/\/www.cliniquemamao.pf\/index.php?rest_route=%2Fwp%2Fv2%2Fmedia&parent=59"}],"curies":[{"name":"wp","href":"https:\/\/api.w.org\/{rel}","templated":true}]}}