{"id":4,"date":"2015-11-17T05:30:12","date_gmt":"2015-11-17T04:30:12","guid":{"rendered":"http:\/\/www.cliniquemamao.pf\/?page_id=4"},"modified":"2018-02-10T15:26:14","modified_gmt":"2018-02-11T01:26:14","slug":"la-clinique-mamao-vous-souhaite-la-bienvenue","status":"publish","type":"page","link":"https:\/\/www.cliniquemamao.pf\/?page_id=4","title":{"rendered":"Bienvenue"},"content":{"rendered":"<p><a href=\"http:\/\/www.cliniquemamao.pf\/wp-content\/uploads\/2015\/11\/Logo.png\"><img loading=\"lazy\" decoding=\"async\" class=\"alignnone size-medium wp-image-151\" src=\"http:\/\/www.cliniquemamao.pf\/wp-content\/uploads\/2015\/11\/Logo-300x266.png\" alt=\"Logo\" width=\"300\" height=\"266\" srcset=\"https:\/\/www.cliniquemamao.pf\/wp-content\/uploads\/2015\/11\/Logo-300x266.png 300w, https:\/\/www.cliniquemamao.pf\/wp-content\/uploads\/2015\/11\/Logo-1024x907.png 1024w, https:\/\/www.cliniquemamao.pf\/wp-content\/uploads\/2015\/11\/Logo.png 1348w\" sizes=\"auto, (max-width: 300px) 100vw, 300px\" \/><\/a><\/p>\n<p>La chirurgie ambulatoire, ou hospitalisation d\u2019un jour, vous permet une intervention de qualit\u00e9 et un suivi m\u00e9dical sans l\u2019inconv\u00e9nient d\u2019une hospitalisation compl\u00e8te. Il s\u2019agit d\u2019actes chirurgicaux ou d\u2019investigations, programm\u00e9s et r\u00e9alis\u00e9s dans les conditions techniques de s\u00e9curit\u00e9 d\u2019un bloc op\u00e9ratoire, associ\u00e9e \u00e0 une anesth\u00e9sie adapt\u00e9e.<\/p>\n<p>La Clinique Mamao a anticip\u00e9 l\u2019\u00e9volution de la chirurgie ambulatoire gr\u00e2ce \u00e0 l\u2019ouverture de ce\u00a0plateau moderne. Tirant parti des progr\u00e8s techniques, il existe de plus en plus d\u2019interventions qui peuvent se faire en ambulatoire. Pr\u00e8s de 1.900 patients ont \u00e9t\u00e9 pris en charge \u00e0 la Clinique Mamao en\u00a02015.<\/p>\n<p class=\"rtejustify\">La Clinique Mamao regroupe une unit\u00e9 de soins et une\u00a0unit\u00e9 chirurgicale. Elle\u00a0offre un parcours patient dans des conditions optimales. Dans cette unit\u00e9 sont effectu\u00e9s des actes diagnostiques et th\u00e9rapeutiques n\u00e9cessitant une anesth\u00e9sie de courte dur\u00e9e permettant un retour \u00e0 domicile le jour m\u00eame.<\/p>\n<p class=\"rtejustify\">\n<p class=\"rtejustify\">\n<p>Le plateau technique est r\u00e9parti en 3 zones :<br \/>\n&#8211;\tl\u2019Unit\u00e9 d\u2019hospitalisation de jour (11 cabines et 3 chambres confortables et \u00e9quip\u00e9es de Wifi&#8230;)<br \/>\n&#8211;\tle bloc op\u00e9ratoire ambulatoire qui regroupe une salle de chirurgie et une salle d\u2019endoscopie.<br \/>\n&#8211;\tla salle de r\u00e9veil (de 8 lits dont un poste d&rsquo;induction)<\/p>\n","protected":false},"excerpt":{"rendered":"<p>La chirurgie ambulatoire, ou hospitalisation d\u2019un jour, vous permet une intervention de qualit\u00e9 et un suivi m\u00e9dical sans l\u2019inconv\u00e9nient d\u2019une hospitalisation compl\u00e8te. Il s\u2019agit d\u2019actes chirurgicaux ou d\u2019investigations, programm\u00e9s et r\u00e9alis\u00e9s dans les conditions techniques de s\u00e9curit\u00e9 d\u2019un bloc op\u00e9ratoire, associ\u00e9e \u00e0 une anesth\u00e9sie adapt\u00e9e. La Clinique Mamao a anticip\u00e9 l\u2019\u00e9volution de la chirurgie ambulatoire &hellip; <a href=\"https:\/\/www.cliniquemamao.pf\/?page_id=4\" class=\"more-link\">Continuer la lecture<span class=\"screen-reader-text\"> de <span class=\"screen-reader-text\">Bienvenue<\/span><\/span>&nbsp;<span class=\"meta-nav\">&rarr;<\/span><\/a><\/p>\n","protected":false},"author":1,"featured_media":0,"parent":0,"menu_order":0,"comment_status":"closed","ping_status":"closed","template":"","meta":{"footnotes":""},"class_list":["post-4","page","type-page","status-publish","hentry"],"_links":{"self":[{"href":"https:\/\/www.cliniquemamao.pf\/index.php?rest_route=\/wp\/v2\/pages\/4","targetHints":{"allow":["GET"]}}],"collection":[{"href":"https:\/\/www.cliniquemamao.pf\/index.php?rest_route=\/wp\/v2\/pages"}],"about":[{"href":"https:\/\/www.cliniquemamao.pf\/index.php?rest_route=\/wp\/v2\/types\/page"}],"author":[{"embeddable":true,"href":"https:\/\/www.cliniquemamao.pf\/index.php?rest_route=\/wp\/v2\/users\/1"}],"replies":[{"embeddable":true,"href":"https:\/\/www.cliniquemamao.pf\/index.php?rest_route=%2Fwp%2Fv2%2Fcomments&post=4"}],"version-history":[{"count":6,"href":"https:\/\/www.cliniquemamao.pf\/index.php?rest_route=\/wp\/v2\/pages\/4\/revisions"}],"predecessor-version":[{"id":179,"href":"https:\/\/www.cliniquemamao.pf\/index.php?rest_route=\/wp\/v2\/pages\/4\/revisions\/179"}],"wp:attachment":[{"href":"https:\/\/www.cliniquemamao.pf\/index.php?rest_route=%2Fwp%2Fv2%2Fmedia&parent=4"}],"curies":[{"name":"wp","href":"https:\/\/api.w.org\/{rel}","templated":true}]}}