{"id":39,"date":"2015-11-17T05:40:26","date_gmt":"2015-11-17T04:40:26","guid":{"rendered":"http:\/\/www.cliniquemamao.pf\/?page_id=39"},"modified":"2018-02-10T15:26:14","modified_gmt":"2018-02-11T01:26:14","slug":"la-consultation","status":"publish","type":"page","link":"https:\/\/www.cliniquemamao.pf\/?page_id=39","title":{"rendered":"La consultation"},"content":{"rendered":"<p>Lorsque vous venez en consultation \u00e0 la clinique, pensez \u00e0 arriver environ une demi-heure avant l\u2019heure du rendez-vous pour avoir le temps de remplir les formalit\u00e9s administratives n\u00e9cessaires, tout en \u00e9tant \u00e0 l\u2019heure pour la consultation m\u00e9dicale.<\/p>\n","protected":false},"excerpt":{"rendered":"<p>Lorsque vous venez en consultation \u00e0 la clinique, pensez \u00e0 arriver environ une demi-heure avant l\u2019heure du rendez-vous pour avoir le temps de remplir les formalit\u00e9s administratives n\u00e9cessaires, tout en \u00e9tant \u00e0 l\u2019heure pour la consultation m\u00e9dicale.<\/p>\n","protected":false},"author":1,"featured_media":0,"parent":0,"menu_order":0,"comment_status":"closed","ping_status":"closed","template":"","meta":{"footnotes":""},"class_list":["post-39","page","type-page","status-publish","hentry"],"_links":{"self":[{"href":"https:\/\/www.cliniquemamao.pf\/index.php?rest_route=\/wp\/v2\/pages\/39","targetHints":{"allow":["GET"]}}],"collection":[{"href":"https:\/\/www.cliniquemamao.pf\/index.php?rest_route=\/wp\/v2\/pages"}],"about":[{"href":"https:\/\/www.cliniquemamao.pf\/index.php?rest_route=\/wp\/v2\/types\/page"}],"author":[{"embeddable":true,"href":"https:\/\/www.cliniquemamao.pf\/index.php?rest_route=\/wp\/v2\/users\/1"}],"replies":[{"embeddable":true,"href":"https:\/\/www.cliniquemamao.pf\/index.php?rest_route=%2Fwp%2Fv2%2Fcomments&post=39"}],"version-history":[{"count":1,"href":"https:\/\/www.cliniquemamao.pf\/index.php?rest_route=\/wp\/v2\/pages\/39\/revisions"}],"predecessor-version":[{"id":40,"href":"https:\/\/www.cliniquemamao.pf\/index.php?rest_route=\/wp\/v2\/pages\/39\/revisions\/40"}],"wp:attachment":[{"href":"https:\/\/www.cliniquemamao.pf\/index.php?rest_route=%2Fwp%2Fv2%2Fmedia&parent=39"}],"curies":[{"name":"wp","href":"https:\/\/api.w.org\/{rel}","templated":true}]}}