{"id":37,"date":"2015-11-17T05:40:00","date_gmt":"2015-11-17T04:40:00","guid":{"rendered":"http:\/\/www.cliniquemamao.pf\/?page_id=37"},"modified":"2018-02-10T15:26:14","modified_gmt":"2018-02-11T01:26:14","slug":"informations-pratiques","status":"publish","type":"page","link":"https:\/\/www.cliniquemamao.pf\/?page_id=37","title":{"rendered":"Informations pratiques"},"content":{"rendered":"<p>La loi du 4 mars 2002 relative aux droits des malades, vous donne la possibilit\u00e9 de d\u00e9signer une personne, capable majeure,\u00a0 dans votre entourage et en qui\u00a0 vous avez toute confiance : un proche, un parent, votre m\u00e9decin traitant.<\/p>\n<p><strong>D\u00e9signer une personne de confiance\u00a0:<\/strong><\/p>\n<p>Cette d\u00e9signation n\u2019est pas obligatoire, mais elle doit \u00eatre r\u00e9fl\u00e9chie, annul\u00e9e ou remplac\u00e9e \u00e0 tout moment, par \u00e9crit. Ce choix n\u2019est valable que pendant la dur\u00e9e de l\u2019hospitalisation.<\/p>\n<p>Cette personne est commun\u00e9ment appel\u00e9e \u00ab\u00a0personne de confiance\u00a0\u00bb.<\/p>\n<p>On ne peut plus parler d\u2019une relation m\u00e9decin-malade, mais d\u2019une relation \u00e0 trois.<\/p>\n<p>Il convient \u00a0de noter que cette notion s\u2019inscrit dans un contexte qui fait r\u00e9f\u00e9rence explicitement \u00e0 deux valeurs \u00e9thiques centrales :<\/p>\n<ol>\n<li>La personne malade a droit au respect de sa dignit\u00e9,<\/li>\n<li>Le respect de l\u2019autonomie de la personne hors d\u2019\u00e9tat d\u2019exprimer ses volont\u00e9s.<\/li>\n<\/ol>\n<p><strong>Le r\u00f4le de cette personne :<\/strong><\/p>\n<p>La personne de confiance accompagne le patient,<\/p>\n<ol>\n<li>la personne de confiance assiste aux entretiens,<\/li>\n<li>peut aider le patient \u00e0 prendre des d\u00e9cisions,<\/li>\n<li>La personne de confiance ne peut que s\u2019exprimer au nom du patient et non en son nom mais parfois, alors que le patient n\u2019ose pas ou est sous le choc d\u2019une annonce, la personne de confiance peut poser des questions que le patient aurait souhait\u00e9 poser et recevoir du m\u00e9decin des explications qu\u2019elle pourra r\u00e9p\u00e9ter au patient<\/li>\n<li>Elle ne se substitue pas au patient. En d\u2019autres termes, le fait de se conformer \u00e0 l\u2019avis de la personne de confiance ne saurait \u00e9carter, sur le plan m\u00e9dico-l\u00e9gal, la responsabilit\u00e9 du professionnel de sant\u00e9.<\/li>\n<\/ol>\n<p><strong>La d\u00e9signation d\u2019une personne de confiance :<\/strong><\/p>\n<p><strong>Il vous revient d\u2019informer la personne que vous aurez choisie et d\u2019obtenir bien s\u00fbr son accord.<\/strong><\/p>\n<p>Toutes les d\u00e9cisions que vous prendrez \u00e0 ce sujet figureront dans votre dossier m\u00e9dical. Vous serez libre de d\u00e9cider que certaines informations que vous jugerez confidentielles ne devront pas \u00eatre donn\u00e9es par nos \u00e9quipes \u00e0 votre personne de confiance : vous devrez alors nous l\u2019indiquer pr\u00e9cis\u00e9ment.<\/p>\n","protected":false},"excerpt":{"rendered":"<p>La loi du 4 mars 2002 relative aux droits des malades, vous donne la possibilit\u00e9 de d\u00e9signer une personne, capable majeure,\u00a0 dans votre entourage et en qui\u00a0 vous avez toute confiance : un proche, un parent, votre m\u00e9decin traitant. D\u00e9signer une personne de confiance\u00a0: Cette d\u00e9signation n\u2019est pas obligatoire, mais elle doit \u00eatre r\u00e9fl\u00e9chie, annul\u00e9e &hellip; <a href=\"https:\/\/www.cliniquemamao.pf\/?page_id=37\" class=\"more-link\">Continuer la lecture<span class=\"screen-reader-text\"> de <span class=\"screen-reader-text\">Informations pratiques<\/span><\/span>&nbsp;<span class=\"meta-nav\">&rarr;<\/span><\/a><\/p>\n","protected":false},"author":1,"featured_media":0,"parent":0,"menu_order":0,"comment_status":"closed","ping_status":"closed","template":"","meta":{"footnotes":""},"class_list":["post-37","page","type-page","status-publish","hentry"],"_links":{"self":[{"href":"https:\/\/www.cliniquemamao.pf\/index.php?rest_route=\/wp\/v2\/pages\/37","targetHints":{"allow":["GET"]}}],"collection":[{"href":"https:\/\/www.cliniquemamao.pf\/index.php?rest_route=\/wp\/v2\/pages"}],"about":[{"href":"https:\/\/www.cliniquemamao.pf\/index.php?rest_route=\/wp\/v2\/types\/page"}],"author":[{"embeddable":true,"href":"https:\/\/www.cliniquemamao.pf\/index.php?rest_route=\/wp\/v2\/users\/1"}],"replies":[{"embeddable":true,"href":"https:\/\/www.cliniquemamao.pf\/index.php?rest_route=%2Fwp%2Fv2%2Fcomments&post=37"}],"version-history":[{"count":1,"href":"https:\/\/www.cliniquemamao.pf\/index.php?rest_route=\/wp\/v2\/pages\/37\/revisions"}],"predecessor-version":[{"id":38,"href":"https:\/\/www.cliniquemamao.pf\/index.php?rest_route=\/wp\/v2\/pages\/37\/revisions\/38"}],"wp:attachment":[{"href":"https:\/\/www.cliniquemamao.pf\/index.php?rest_route=%2Fwp%2Fv2%2Fmedia&parent=37"}],"curies":[{"name":"wp","href":"https:\/\/api.w.org\/{rel}","templated":true}]}}