{"id":23,"date":"2015-11-17T05:36:26","date_gmt":"2015-11-17T04:36:26","guid":{"rendered":"http:\/\/www.cliniquemamao.pf\/?page_id=23"},"modified":"2023-01-30T21:04:55","modified_gmt":"2023-01-31T07:04:55","slug":"les-specialites-du-2eme-etage","status":"publish","type":"page","link":"https:\/\/www.cliniquemamao.pf\/?page_id=23","title":{"rendered":"Les sp\u00e9cialit\u00e9s du 2\u00e8me \u00e9tage"},"content":{"rendered":"<p>Anesth\u00e9sie-R\u00e9animation<\/p>\n<ul>\n<li>Dr Xavier DA COL<\/li>\n<li>Dr Nicolas HANTALA<\/li>\n<li>Dr Simon POIGNANT<\/li>\n<li>Dr Guillaume RISCHMANN<\/li>\n<li>Dr Dominique SUCHET<\/li>\n<li>Dr Thomas VEMPAIRE<\/li>\n<li>Dr Julie VILLARD<\/li>\n<\/ul>\n<p>Chirurgie Orthop\u00e9dique<\/p>\n<ul>\n<li>Dr <a href=\"http:\/\/www.cliniquemamao.pf\/?page_id=122\">Fr\u00e9d\u00e9ric EVENAT<\/a><\/li>\n<li>Dr Charles BELLI<\/li>\n<li>Dr Christian SODERLUND<\/li>\n<\/ul>\n<p>Chirurgie Urologique<\/p>\n<ul>\n<li>Dr Fabien RAYNAUD<\/li>\n<\/ul>\n<p>Chirurgie Visc\u00e9rale et G\u00e9n\u00e9rale<\/p>\n<ul>\n<li>Dr Ludovic CHASTANG<\/li>\n<\/ul>\n<p>Kin\u00e9sith\u00e9rapie &#8211; Ost\u00e9pathie<\/p>\n<ul>\n<li>Gr\u00e9gory THIROUARD<\/li>\n<li>Jean-Marie THIROUARD<\/li>\n<\/ul>\n<p>Pharmacie \u00e0 usage interne<\/p>\n<ul>\n<li>Dr Carole PASCHE<\/li>\n<\/ul>\n<p>Radiologie &#8211; Echographie &#8211; Scanner &#8211; IRM<\/p>\n<ul>\n<li>Dr Prisca ARTUR<\/li>\n<\/ul>\n","protected":false},"excerpt":{"rendered":"<p>Anesth\u00e9sie-R\u00e9animation Dr Xavier DA COL Dr Nicolas HANTALA Dr Simon POIGNANT Dr Guillaume RISCHMANN Dr Dominique SUCHET Dr Thomas VEMPAIRE Dr Julie VILLARD Chirurgie Orthop\u00e9dique Dr Fr\u00e9d\u00e9ric EVENAT Dr Charles BELLI Dr Christian SODERLUND Chirurgie Urologique Dr Fabien RAYNAUD Chirurgie Visc\u00e9rale et G\u00e9n\u00e9rale Dr Ludovic CHASTANG Kin\u00e9sith\u00e9rapie &#8211; Ost\u00e9pathie Gr\u00e9gory THIROUARD Jean-Marie THIROUARD Pharmacie \u00e0 &hellip; <a href=\"https:\/\/www.cliniquemamao.pf\/?page_id=23\" class=\"more-link\">Continuer la lecture<span class=\"screen-reader-text\"> de <span class=\"screen-reader-text\">Les sp\u00e9cialit\u00e9s du 2\u00e8me \u00e9tage<\/span><\/span>&nbsp;<span class=\"meta-nav\">&rarr;<\/span><\/a><\/p>\n","protected":false},"author":1,"featured_media":0,"parent":0,"menu_order":0,"comment_status":"closed","ping_status":"closed","template":"","meta":{"footnotes":""},"class_list":["post-23","page","type-page","status-publish","hentry"],"_links":{"self":[{"href":"https:\/\/www.cliniquemamao.pf\/index.php?rest_route=\/wp\/v2\/pages\/23","targetHints":{"allow":["GET"]}}],"collection":[{"href":"https:\/\/www.cliniquemamao.pf\/index.php?rest_route=\/wp\/v2\/pages"}],"about":[{"href":"https:\/\/www.cliniquemamao.pf\/index.php?rest_route=\/wp\/v2\/types\/page"}],"author":[{"embeddable":true,"href":"https:\/\/www.cliniquemamao.pf\/index.php?rest_route=\/wp\/v2\/users\/1"}],"replies":[{"embeddable":true,"href":"https:\/\/www.cliniquemamao.pf\/index.php?rest_route=%2Fwp%2Fv2%2Fcomments&post=23"}],"version-history":[{"count":5,"href":"https:\/\/www.cliniquemamao.pf\/index.php?rest_route=\/wp\/v2\/pages\/23\/revisions"}],"predecessor-version":[{"id":207,"href":"https:\/\/www.cliniquemamao.pf\/index.php?rest_route=\/wp\/v2\/pages\/23\/revisions\/207"}],"wp:attachment":[{"href":"https:\/\/www.cliniquemamao.pf\/index.php?rest_route=%2Fwp%2Fv2%2Fmedia&parent=23"}],"curies":[{"name":"wp","href":"https:\/\/api.w.org\/{rel}","templated":true}]}}