{"id":21,"date":"2015-11-17T05:36:00","date_gmt":"2015-11-17T04:36:00","guid":{"rendered":"http:\/\/www.cliniquemamao.pf\/?page_id=21"},"modified":"2015-11-19T09:15:54","modified_gmt":"2015-11-19T08:15:54","slug":"les-specialites-du-1er-etage","status":"publish","type":"page","link":"https:\/\/www.cliniquemamao.pf\/?page_id=21","title":{"rendered":"Les sp\u00e9cialit\u00e9s du 1er \u00e9tage"},"content":{"rendered":"<p>Cardiologie<\/p>\n<ul>\n<li>Dr Sirivuth IN<\/li>\n<\/ul>\n<p>Chirurgie ophtalmologique r\u00e9fractive, Lazik<\/p>\n<ul>\n<li>Dr Jean-Louis UZEL<\/li>\n<\/ul>\n<p>Chirurgie dentaire<\/p>\n<ul>\n<li>Dr Antoine LABADIE<\/li>\n<\/ul>\n<p>M\u00e9decine g\u00e9n\u00e9rale<\/p>\n<ul>\n<li>Dr Bruno VORON<\/li>\n<\/ul>\n<p>M\u00e9decine interne, gastro-ent\u00e9rologie<\/p>\n<ul>\n<li>Dr Xavier FAURE<\/li>\n<\/ul>\n<p>Orthoptie<\/p>\n<ul>\n<li>Mme Vanessa DAVIN<\/li>\n<\/ul>\n<p>P\u00e9diatrie<\/p>\n<ul>\n<li>Dr Bernard GRANGER<\/li>\n<\/ul>\n<p>Psychiatrie<\/p>\n<ul>\n<li>Dr Laurent CROCHARD<\/li>\n<\/ul>\n","protected":false},"excerpt":{"rendered":"<p>Cardiologie Dr Sirivuth IN Chirurgie ophtalmologique r\u00e9fractive, Lazik Dr Jean-Louis UZEL Chirurgie dentaire Dr Antoine LABADIE M\u00e9decine g\u00e9n\u00e9rale Dr Bruno VORON M\u00e9decine interne, gastro-ent\u00e9rologie Dr Xavier FAURE Orthoptie Mme Vanessa DAVIN P\u00e9diatrie Dr Bernard GRANGER Psychiatrie Dr Laurent CROCHARD<\/p>\n","protected":false},"author":1,"featured_media":0,"parent":0,"menu_order":0,"comment_status":"closed","ping_status":"closed","template":"","meta":{"footnotes":""},"class_list":["post-21","page","type-page","status-publish","hentry"],"_links":{"self":[{"href":"https:\/\/www.cliniquemamao.pf\/index.php?rest_route=\/wp\/v2\/pages\/21","targetHints":{"allow":["GET"]}}],"collection":[{"href":"https:\/\/www.cliniquemamao.pf\/index.php?rest_route=\/wp\/v2\/pages"}],"about":[{"href":"https:\/\/www.cliniquemamao.pf\/index.php?rest_route=\/wp\/v2\/types\/page"}],"author":[{"embeddable":true,"href":"https:\/\/www.cliniquemamao.pf\/index.php?rest_route=\/wp\/v2\/users\/1"}],"replies":[{"embeddable":true,"href":"https:\/\/www.cliniquemamao.pf\/index.php?rest_route=%2Fwp%2Fv2%2Fcomments&post=21"}],"version-history":[{"count":3,"href":"https:\/\/www.cliniquemamao.pf\/index.php?rest_route=\/wp\/v2\/pages\/21\/revisions"}],"predecessor-version":[{"id":144,"href":"https:\/\/www.cliniquemamao.pf\/index.php?rest_route=\/wp\/v2\/pages\/21\/revisions\/144"}],"wp:attachment":[{"href":"https:\/\/www.cliniquemamao.pf\/index.php?rest_route=%2Fwp%2Fv2%2Fmedia&parent=21"}],"curies":[{"name":"wp","href":"https:\/\/api.w.org\/{rel}","templated":true}]}}