{"id":17,"date":"2015-11-17T05:35:10","date_gmt":"2015-11-17T04:35:10","guid":{"rendered":"http:\/\/www.cliniquemamao.pf\/?page_id=17"},"modified":"2018-02-10T15:26:14","modified_gmt":"2018-02-11T01:26:14","slug":"acces-au-dossier-medical","status":"publish","type":"page","link":"https:\/\/www.cliniquemamao.pf\/?page_id=17","title":{"rendered":"Acc\u00e8s au dossier m\u00e9dical"},"content":{"rendered":"<p>Vous pouvez soit consulter gratuitement votre dossier sur place, soit demander la remise de copies des documents, les frais de copies et d\u2019envoi seront \u00e0 votre charge.<\/p>\n<p>Votre demande peut \u00eatre adress\u00e9e<\/p>\n<ol>\n<li>par \u00e9crit,<\/li>\n<li>par l\u2019interm\u00e9diaire d\u2019un m\u00e9decin librement d\u00e9sign\u00e9,<\/li>\n<li>directement par le patient ou par le titulaire de l\u2019autorit\u00e9 parentale, ou par le tuteur.<\/li>\n<\/ol>\n<p>L\u2019 envoi d\u2019une copie du dossier pourra se faire \u00e0 votre adresse personnelle ou \u00e0 celle d\u2019un m\u00e9decin que vous aurez d\u00e9sign\u00e9.<\/p>\n","protected":false},"excerpt":{"rendered":"<p>Vous pouvez soit consulter gratuitement votre dossier sur place, soit demander la remise de copies des documents, les frais de copies et d\u2019envoi seront \u00e0 votre charge. Votre demande peut \u00eatre adress\u00e9e par \u00e9crit, par l\u2019interm\u00e9diaire d\u2019un m\u00e9decin librement d\u00e9sign\u00e9, directement par le patient ou par le titulaire de l\u2019autorit\u00e9 parentale, ou par le tuteur. &hellip; <a href=\"https:\/\/www.cliniquemamao.pf\/?page_id=17\" class=\"more-link\">Continuer la lecture<span class=\"screen-reader-text\"> de <span class=\"screen-reader-text\">Acc\u00e8s au dossier m\u00e9dical<\/span><\/span>&nbsp;<span class=\"meta-nav\">&rarr;<\/span><\/a><\/p>\n","protected":false},"author":1,"featured_media":0,"parent":0,"menu_order":0,"comment_status":"closed","ping_status":"closed","template":"","meta":{"footnotes":""},"class_list":["post-17","page","type-page","status-publish","hentry"],"_links":{"self":[{"href":"https:\/\/www.cliniquemamao.pf\/index.php?rest_route=\/wp\/v2\/pages\/17","targetHints":{"allow":["GET"]}}],"collection":[{"href":"https:\/\/www.cliniquemamao.pf\/index.php?rest_route=\/wp\/v2\/pages"}],"about":[{"href":"https:\/\/www.cliniquemamao.pf\/index.php?rest_route=\/wp\/v2\/types\/page"}],"author":[{"embeddable":true,"href":"https:\/\/www.cliniquemamao.pf\/index.php?rest_route=\/wp\/v2\/users\/1"}],"replies":[{"embeddable":true,"href":"https:\/\/www.cliniquemamao.pf\/index.php?rest_route=%2Fwp%2Fv2%2Fcomments&post=17"}],"version-history":[{"count":1,"href":"https:\/\/www.cliniquemamao.pf\/index.php?rest_route=\/wp\/v2\/pages\/17\/revisions"}],"predecessor-version":[{"id":18,"href":"https:\/\/www.cliniquemamao.pf\/index.php?rest_route=\/wp\/v2\/pages\/17\/revisions\/18"}],"wp:attachment":[{"href":"https:\/\/www.cliniquemamao.pf\/index.php?rest_route=%2Fwp%2Fv2%2Fmedia&parent=17"}],"curies":[{"name":"wp","href":"https:\/\/api.w.org\/{rel}","templated":true}]}}