{"id":15,"date":"2015-11-17T05:34:45","date_gmt":"2015-11-17T04:34:45","guid":{"rendered":"http:\/\/www.cliniquemamao.pf\/?page_id=15"},"modified":"2015-11-17T05:34:45","modified_gmt":"2015-11-17T04:34:45","slug":"regles-de-vie","status":"publish","type":"page","link":"https:\/\/www.cliniquemamao.pf\/?page_id=15","title":{"rendered":"R\u00e8gles de vie"},"content":{"rendered":"<p>Hygi\u00e8ne.<\/p>\n<p>La clinique met \u00e0 votre disposition des locaux propres et entretenus qui doivent \u00eatre respect\u00e9s par la personne hospitalis\u00e9e et les visiteurs.<\/p>\n<p>En raison des risques d\u2019infection, il est strictement interdit de ramener dans l\u2019enceinte de l\u2019\u00e9tablissement\u00a0: des animaux, des bouquets ou plantes vertes, toute nourriture ext\u00e9rieure.<\/p>\n<p>Nous mettons \u00e0 la disposition de tous (personnels, praticiens, patients et visiteurs) des solutions Hydro-Alcooliques \u00e0 l\u2019accueil.<\/p>\n<p>Le silence est un des \u00e9l\u00e9ments du confort, de rigueur dans toute la clinique, il vous est demand\u00e9 \u00e0 tous de le respecter (les portables et consoles de jeux doivent \u00eatre mis en mode silence).<\/p>\n<p>&nbsp;<\/p>\n<p>Consignes de s\u00e9curit\u00e9.<\/p>\n<p>Il est interdit de fumer, d\u2019apporter des boissons alcoolis\u00e9es dans toute la clinique.<\/p>\n<p>Il est recommand\u00e9 de ne pas poser de liquides sur des appareils \u00e9lectriques.<\/p>\n<p>Il est demand\u00e9 d\u2019alerter le personnel en cas d\u2019incident et de suivre leurs instructions.<\/p>\n","protected":false},"excerpt":{"rendered":"<p>Hygi\u00e8ne. La clinique met \u00e0 votre disposition des locaux propres et entretenus qui doivent \u00eatre respect\u00e9s par la personne hospitalis\u00e9e et les visiteurs. En raison des risques d\u2019infection, il est strictement interdit de ramener dans l\u2019enceinte de l\u2019\u00e9tablissement\u00a0: des animaux, des bouquets ou plantes vertes, toute nourriture ext\u00e9rieure. Nous mettons \u00e0 la disposition de tous &hellip; <a href=\"https:\/\/www.cliniquemamao.pf\/?page_id=15\" class=\"more-link\">Continuer la lecture<span class=\"screen-reader-text\"> de <span class=\"screen-reader-text\">R\u00e8gles de vie<\/span><\/span>&nbsp;<span class=\"meta-nav\">&rarr;<\/span><\/a><\/p>\n","protected":false},"author":1,"featured_media":0,"parent":0,"menu_order":0,"comment_status":"closed","ping_status":"closed","template":"","meta":{"footnotes":""},"class_list":["post-15","page","type-page","status-publish","hentry"],"_links":{"self":[{"href":"https:\/\/www.cliniquemamao.pf\/index.php?rest_route=\/wp\/v2\/pages\/15","targetHints":{"allow":["GET"]}}],"collection":[{"href":"https:\/\/www.cliniquemamao.pf\/index.php?rest_route=\/wp\/v2\/pages"}],"about":[{"href":"https:\/\/www.cliniquemamao.pf\/index.php?rest_route=\/wp\/v2\/types\/page"}],"author":[{"embeddable":true,"href":"https:\/\/www.cliniquemamao.pf\/index.php?rest_route=\/wp\/v2\/users\/1"}],"replies":[{"embeddable":true,"href":"https:\/\/www.cliniquemamao.pf\/index.php?rest_route=%2Fwp%2Fv2%2Fcomments&post=15"}],"version-history":[{"count":1,"href":"https:\/\/www.cliniquemamao.pf\/index.php?rest_route=\/wp\/v2\/pages\/15\/revisions"}],"predecessor-version":[{"id":16,"href":"https:\/\/www.cliniquemamao.pf\/index.php?rest_route=\/wp\/v2\/pages\/15\/revisions\/16"}],"wp:attachment":[{"href":"https:\/\/www.cliniquemamao.pf\/index.php?rest_route=%2Fwp%2Fv2%2Fmedia&parent=15"}],"curies":[{"name":"wp","href":"https:\/\/api.w.org\/{rel}","templated":true}]}}