{"id":11,"date":"2015-11-17T05:33:54","date_gmt":"2015-11-17T04:33:54","guid":{"rendered":"http:\/\/www.cliniquemamao.pf\/?page_id=11"},"modified":"2015-11-17T05:33:54","modified_gmt":"2015-11-17T04:33:54","slug":"les-avantages-de-lambulatoire","status":"publish","type":"page","link":"https:\/\/www.cliniquemamao.pf\/?page_id=11","title":{"rendered":"Les avantages de l\u2019Ambulatoire"},"content":{"rendered":"<p>Si vous devez subir une intervention chirurgicale, sachez que de plus en plus d\u2019op\u00e9rations peuvent se faire sans passer la nuit en milieu hospitalier.<\/p>\n<p>La chirurgie ambulatoire permet en effet d\u2019arriver le matin en chirurgie et de rentrer le jour m\u00eame chez soi. En g\u00e9n\u00e9ral, elle permet aux patients qui peuvent y avoir acc\u00e8s, de se r\u00e9tablir plus vite. Il revient \u00e0 votre m\u00e9decin de d\u00e9cider avec vous si l\u2019intervention dont vous avez besoin peut se r\u00e9aliser en ambulatoire.<\/p>\n<p>La chirurgie ambulatoire est r\u00e9alis\u00e9e par des sp\u00e9cialistes entra\u00een\u00e9s, au sein d\u2019unit\u00e9s d\u00e9di\u00e9es, organis\u00e9es autour de la prise en charge la plus efficace du patient. Notre unit\u00e9 de chirurgie ambulatoire permet de r\u00e9aliser des op\u00e9rations classiques dans ce domaine (chirurgien du membre sup\u00e9rieur (\u00e9paule, main, etc\u2026), de l\u2019appareil locomoteur (jambe, genou, pied), endoscopie digestive (c\u00f4lonoscopie, gastroscopie), endoscopie bronchique, etc\u2026.).<\/p>\n<p>Tous ces actes sont pratiqu\u00e9s au sein du plateau technique sans cesse renouvel\u00e9, avec du mat\u00e9riel de pointe.<\/p>\n","protected":false},"excerpt":{"rendered":"<p>Si vous devez subir une intervention chirurgicale, sachez que de plus en plus d\u2019op\u00e9rations peuvent se faire sans passer la nuit en milieu hospitalier. La chirurgie ambulatoire permet en effet d\u2019arriver le matin en chirurgie et de rentrer le jour m\u00eame chez soi. En g\u00e9n\u00e9ral, elle permet aux patients qui peuvent y avoir acc\u00e8s, de &hellip; <a href=\"https:\/\/www.cliniquemamao.pf\/?page_id=11\" class=\"more-link\">Continuer la lecture<span class=\"screen-reader-text\"> de <span class=\"screen-reader-text\">Les avantages de l\u2019Ambulatoire<\/span><\/span>&nbsp;<span class=\"meta-nav\">&rarr;<\/span><\/a><\/p>\n","protected":false},"author":1,"featured_media":0,"parent":0,"menu_order":0,"comment_status":"closed","ping_status":"closed","template":"","meta":{"footnotes":""},"class_list":["post-11","page","type-page","status-publish","hentry"],"_links":{"self":[{"href":"https:\/\/www.cliniquemamao.pf\/index.php?rest_route=\/wp\/v2\/pages\/11","targetHints":{"allow":["GET"]}}],"collection":[{"href":"https:\/\/www.cliniquemamao.pf\/index.php?rest_route=\/wp\/v2\/pages"}],"about":[{"href":"https:\/\/www.cliniquemamao.pf\/index.php?rest_route=\/wp\/v2\/types\/page"}],"author":[{"embeddable":true,"href":"https:\/\/www.cliniquemamao.pf\/index.php?rest_route=\/wp\/v2\/users\/1"}],"replies":[{"embeddable":true,"href":"https:\/\/www.cliniquemamao.pf\/index.php?rest_route=%2Fwp%2Fv2%2Fcomments&post=11"}],"version-history":[{"count":1,"href":"https:\/\/www.cliniquemamao.pf\/index.php?rest_route=\/wp\/v2\/pages\/11\/revisions"}],"predecessor-version":[{"id":12,"href":"https:\/\/www.cliniquemamao.pf\/index.php?rest_route=\/wp\/v2\/pages\/11\/revisions\/12"}],"wp:attachment":[{"href":"https:\/\/www.cliniquemamao.pf\/index.php?rest_route=%2Fwp%2Fv2%2Fmedia&parent=11"}],"curies":[{"name":"wp","href":"https:\/\/api.w.org\/{rel}","templated":true}]}}