{"id":103,"date":"2015-11-19T08:24:16","date_gmt":"2015-11-19T07:24:16","guid":{"rendered":"http:\/\/www.cliniquemamao.pf\/?page_id=103"},"modified":"2015-11-19T08:24:16","modified_gmt":"2015-11-19T07:24:16","slug":"liens-utiles","status":"publish","type":"page","link":"https:\/\/www.cliniquemamao.pf\/?page_id=103","title":{"rendered":"Liens utiles"},"content":{"rendered":"<p><a href=\"http:\/\/www.cps.pf\/\" target=\"_blank\">D\u00e9marches administratives pour la r\u00e9gularisation de vos droits\u00a0CPS<\/a>.<\/p>\n<p>Les calendriers scolaires du <a href=\"http:\/\/www.education.pf\/02-pdf\/Cal\/2015-2016.pdf\" target=\"_blank\">primaire<\/a> et du <a href=\"http:\/\/www.education.pf\/02-pdf\/Cal\/2015-2016-2D.pdf\" target=\"_blank\">secondaire<\/a> \u00a0de l\u2019ann\u00e9e scolaire 2015-2016<\/p>\n<p>Les calendriers scolaires du <a href=\"http:\/\/www.education.pf\/02-pdf\/Cal\/2016-2017.pdf\" target=\"_blank\">primaire<\/a> et du <a href=\"http:\/\/www.education.pf\/\/02-pdf\/Cal\/2016-2017-2D.pdf\" target=\"_blank\">secondaire<\/a> \u00a0de l\u2019ann\u00e9e scolaire 2016-2017<\/p>\n<p>Le Conseil de l\u2019<a href=\"http:\/\/www.ordre-medecins-polynesie.com\/accueil\/\" target=\"_blank\">Ordre\u00a0des M\u00e9decins de Polyn\u00e9sie Fran\u00e7aise.<\/a><\/p>\n","protected":false},"excerpt":{"rendered":"<p>D\u00e9marches administratives pour la r\u00e9gularisation de vos droits\u00a0CPS. Les calendriers scolaires du primaire et du secondaire \u00a0de l\u2019ann\u00e9e scolaire 2015-2016 Les calendriers scolaires du primaire et du secondaire \u00a0de l\u2019ann\u00e9e scolaire 2016-2017 Le Conseil de l\u2019Ordre\u00a0des M\u00e9decins de Polyn\u00e9sie Fran\u00e7aise.<\/p>\n","protected":false},"author":1,"featured_media":0,"parent":0,"menu_order":0,"comment_status":"closed","ping_status":"closed","template":"","meta":{"footnotes":""},"class_list":["post-103","page","type-page","status-publish","hentry"],"_links":{"self":[{"href":"https:\/\/www.cliniquemamao.pf\/index.php?rest_route=\/wp\/v2\/pages\/103","targetHints":{"allow":["GET"]}}],"collection":[{"href":"https:\/\/www.cliniquemamao.pf\/index.php?rest_route=\/wp\/v2\/pages"}],"about":[{"href":"https:\/\/www.cliniquemamao.pf\/index.php?rest_route=\/wp\/v2\/types\/page"}],"author":[{"embeddable":true,"href":"https:\/\/www.cliniquemamao.pf\/index.php?rest_route=\/wp\/v2\/users\/1"}],"replies":[{"embeddable":true,"href":"https:\/\/www.cliniquemamao.pf\/index.php?rest_route=%2Fwp%2Fv2%2Fcomments&post=103"}],"version-history":[{"count":1,"href":"https:\/\/www.cliniquemamao.pf\/index.php?rest_route=\/wp\/v2\/pages\/103\/revisions"}],"predecessor-version":[{"id":105,"href":"https:\/\/www.cliniquemamao.pf\/index.php?rest_route=\/wp\/v2\/pages\/103\/revisions\/105"}],"wp:attachment":[{"href":"https:\/\/www.cliniquemamao.pf\/index.php?rest_route=%2Fwp%2Fv2%2Fmedia&parent=103"}],"curies":[{"name":"wp","href":"https:\/\/api.w.org\/{rel}","templated":true}]}}