{"id":100,"date":"2015-11-19T08:22:31","date_gmt":"2015-11-19T07:22:31","guid":{"rendered":"http:\/\/www.cliniquemamao.pf\/?page_id=100"},"modified":"2018-02-10T15:26:14","modified_gmt":"2018-02-11T01:26:14","slug":"infirmiere-i-d-e","status":"publish","type":"page","link":"https:\/\/www.cliniquemamao.pf\/?page_id=100","title":{"rendered":"Infirmier(e) I.D.E."},"content":{"rendered":"<p><strong>CDI<\/strong><\/p>\n<p>Descriptif :<\/p>\n<p>Prendre soin des personnes devant b\u00e9n\u00e9ficier d\u2019interventions chirurgicales, endoscopiques et autres actes techniques invasifs \u00e0 vis\u00e9e diagnostique et\/ou th\u00e9rapeutique<br \/>\nOrganiser et r\u00e9aliser des soins et des activit\u00e9s en lien avec le geste op\u00e9ratoire, en pr\u00e9, per et post interventionnel.<br \/>\nParticipation \u00e0 l\u2019\u00e9laboration, \u00e0 l\u2019application et au contr\u00f4le des proc\u00e9dures de d\u00e9sinfection et de st\u00e9rilisation des dispositifs m\u00e9dicaux r\u00e9utilisables visant \u00e0 la pr\u00e9vention des infections nosocomiales au bloc op\u00e9ratoire et en secteurs associ\u00e9s.<br \/>\nMettre en \u0153uvre des mesures d\u2019hygi\u00e8ne et de s\u00e9curit\u00e9 en tenant compte des risques inh\u00e9rents \u00e0 la nature des interventions et \u00e0 la sp\u00e9cificit\u00e9 des patients, au travail en zone prot\u00e9g\u00e9e, et \u00e0 l\u2019utilisation de dispositifs m\u00e9dicaux sp\u00e9cifiques.<br \/>\nTravail en zones prot\u00e9g\u00e9es, en st\u00e9rilisation, en service de radiologie interventionnelle ou dans les services d\u2019hygi\u00e8ne hospitali\u00e8re.<br \/>\nLes infirmiers de bloc op\u00e9ratoire interviennent au sein d\u2019une \u00e9quipe pluri professionnelle dans diff\u00e9rentes disciplines chirurgicales en secteur op\u00e9ratoire, en salle interventionnelle, en endoscopie, dans les services de st\u00e9rilisation, ou les services d\u2019hygi\u00e8ne.<\/p>\n<p>Conditions de travail :<\/p>\n<p>Hospitalisation en ambulatoire, l\u2019amplitude horaire est de 07 :30 \u00e0 17 :00 du lundi au vendredi avec des horaires tournants des \u00e9quipes.<br \/>\nLe corps infirmier est compos\u00e9 de personnel dipl\u00f4m\u00e9 et polyvalent, avec un tr\u00e8s bon coefficient patient\/infirmier.<br \/>\nLa conception et la mise en \u0153uvre de l\u2019organisation du bloc op\u00e9ratoire sont optimis\u00e9es par le syst\u00e8me de gestion \u00ab H\u00e9lo\u00efse \u00bb.<\/p>\n<p>&nbsp;<\/p>\n<p>Merci de faire parvenir votre dossier de candidature complet :<br \/>\n(CV + Dipl\u00f4mes + Certificats + Copie de Passeport) \u00e0 l\u2019adresse :<br \/>\ncv (at) cliniquemamao (point) pf<\/p>\n","protected":false},"excerpt":{"rendered":"<p>CDI Descriptif : Prendre soin des personnes devant b\u00e9n\u00e9ficier d\u2019interventions chirurgicales, endoscopiques et autres actes techniques invasifs \u00e0 vis\u00e9e diagnostique et\/ou th\u00e9rapeutique Organiser et r\u00e9aliser des soins et des activit\u00e9s en lien avec le geste op\u00e9ratoire, en pr\u00e9, per et post interventionnel. Participation \u00e0 l\u2019\u00e9laboration, \u00e0 l\u2019application et au contr\u00f4le des proc\u00e9dures de d\u00e9sinfection et &hellip; <a href=\"https:\/\/www.cliniquemamao.pf\/?page_id=100\" class=\"more-link\">Continuer la lecture<span class=\"screen-reader-text\"> de <span class=\"screen-reader-text\">Infirmier(e) I.D.E.<\/span><\/span>&nbsp;<span class=\"meta-nav\">&rarr;<\/span><\/a><\/p>\n","protected":false},"author":1,"featured_media":0,"parent":0,"menu_order":0,"comment_status":"closed","ping_status":"closed","template":"","meta":{"footnotes":""},"class_list":["post-100","page","type-page","status-publish","hentry"],"_links":{"self":[{"href":"https:\/\/www.cliniquemamao.pf\/index.php?rest_route=\/wp\/v2\/pages\/100","targetHints":{"allow":["GET"]}}],"collection":[{"href":"https:\/\/www.cliniquemamao.pf\/index.php?rest_route=\/wp\/v2\/pages"}],"about":[{"href":"https:\/\/www.cliniquemamao.pf\/index.php?rest_route=\/wp\/v2\/types\/page"}],"author":[{"embeddable":true,"href":"https:\/\/www.cliniquemamao.pf\/index.php?rest_route=\/wp\/v2\/users\/1"}],"replies":[{"embeddable":true,"href":"https:\/\/www.cliniquemamao.pf\/index.php?rest_route=%2Fwp%2Fv2%2Fcomments&post=100"}],"version-history":[{"count":2,"href":"https:\/\/www.cliniquemamao.pf\/index.php?rest_route=\/wp\/v2\/pages\/100\/revisions"}],"predecessor-version":[{"id":158,"href":"https:\/\/www.cliniquemamao.pf\/index.php?rest_route=\/wp\/v2\/pages\/100\/revisions\/158"}],"wp:attachment":[{"href":"https:\/\/www.cliniquemamao.pf\/index.php?rest_route=%2Fwp%2Fv2%2Fmedia&parent=100"}],"curies":[{"name":"wp","href":"https:\/\/api.w.org\/{rel}","templated":true}]}}