{"id":8,"date":"2015-11-17T05:31:29","date_gmt":"2015-11-17T04:31:29","guid":{"rendered":"http:\/\/www.cliniquemamao.pf\/?page_id=8"},"modified":"2018-02-10T15:26:14","modified_gmt":"2018-02-11T01:26:14","slug":"a-propos-de-la-clinique","status":"publish","type":"page","link":"http:\/\/www.cliniquemamao.pf\/?page_id=8","title":{"rendered":"A propos de la Clinique"},"content":{"rendered":"<p>Le Centre M\u00e9dical de Mamao a \u00e9t\u00e9 cr\u00e9\u00e9 en 1999. En outre, depuis avril 2000, un centre de consultations et d\u2019exploration compl\u00e8te le Centre M\u00e9dical Mamao, sous l\u2019impulsion du\u00a0Docteur Xavier FAURE.<\/p>\n<p>En f\u00e9vrier 2000, l\u2019obtention de la premi\u00e8re autorisation administrative de cr\u00e9er une structure de chirurgie ambulatoire nous a pouss\u00e9 \u00e0 changer le nom de l\u2019\u00e9tablissement, qui est devenu la Clinique Mamao.<\/p>\n<p>L\u2019originalit\u00e9 de la Clinique Mamao\u00a0r\u00e9side dans le type de s\u00e9jour des patients hospitalis\u00e9s, limit\u00e9 \u00e0 quelques heures. Ce mode op\u00e9ratoire repose sur des techniques fiables et des r\u00e8gles strictes conformes \u00e0 l\u2019ambulatoire qui n\u2019ont qu\u2019un seul but : vous assurer une s\u00e9curit\u00e9 et une qualit\u00e9 maximales dans les soins apport\u00e9s.<\/p>\n<p>La Clinique Mamao\u00a0est ouverte au public de 7h \u00e0 17h du lundi au vendredi, et de 8h \u00e0 12h le samedi (bloc op\u00e9ratoire ferm\u00e9). En dehors de ces heures d\u2019ouverture ou en cas d\u2019urgence n\u00e9cessitant une hospitalisation de nuit, le patient serait alors transf\u00e9r\u00e9 sur un des centres hospitaliers le plus proche o\u00f9 il serait pris en charge par des confr\u00e8res.<\/p>\n","protected":false},"excerpt":{"rendered":"<p>Le Centre M\u00e9dical de Mamao a \u00e9t\u00e9 cr\u00e9\u00e9 en 1999. En outre, depuis avril 2000, un centre de consultations et d\u2019exploration compl\u00e8te le Centre M\u00e9dical Mamao, sous l\u2019impulsion du\u00a0Docteur Xavier FAURE. En f\u00e9vrier 2000, l\u2019obtention de la premi\u00e8re autorisation administrative de cr\u00e9er une structure de chirurgie ambulatoire nous a pouss\u00e9 \u00e0 changer le nom de &hellip; <a href=\"http:\/\/www.cliniquemamao.pf\/?page_id=8\" class=\"more-link\">Continuer la lecture<span class=\"screen-reader-text\"> de <span class=\"screen-reader-text\">A propos de la Clinique<\/span><\/span>&nbsp;<span class=\"meta-nav\">&rarr;<\/span><\/a><\/p>\n","protected":false},"author":1,"featured_media":0,"parent":0,"menu_order":0,"comment_status":"closed","ping_status":"closed","template":"","meta":{"footnotes":""},"class_list":["post-8","page","type-page","status-publish","hentry"],"_links":{"self":[{"href":"http:\/\/www.cliniquemamao.pf\/index.php?rest_route=\/wp\/v2\/pages\/8","targetHints":{"allow":["GET"]}}],"collection":[{"href":"http:\/\/www.cliniquemamao.pf\/index.php?rest_route=\/wp\/v2\/pages"}],"about":[{"href":"http:\/\/www.cliniquemamao.pf\/index.php?rest_route=\/wp\/v2\/types\/page"}],"author":[{"embeddable":true,"href":"http:\/\/www.cliniquemamao.pf\/index.php?rest_route=\/wp\/v2\/users\/1"}],"replies":[{"embeddable":true,"href":"http:\/\/www.cliniquemamao.pf\/index.php?rest_route=%2Fwp%2Fv2%2Fcomments&post=8"}],"version-history":[{"count":3,"href":"http:\/\/www.cliniquemamao.pf\/index.php?rest_route=\/wp\/v2\/pages\/8\/revisions"}],"predecessor-version":[{"id":165,"href":"http:\/\/www.cliniquemamao.pf\/index.php?rest_route=\/wp\/v2\/pages\/8\/revisions\/165"}],"wp:attachment":[{"href":"http:\/\/www.cliniquemamao.pf\/index.php?rest_route=%2Fwp%2Fv2%2Fmedia&parent=8"}],"curies":[{"name":"wp","href":"https:\/\/api.w.org\/{rel}","templated":true}]}}