{"id":63,"date":"2015-11-17T05:44:47","date_gmt":"2015-11-17T04:44:47","guid":{"rendered":"http:\/\/www.cliniquemamao.pf\/?page_id=63"},"modified":"2015-11-17T05:44:47","modified_gmt":"2015-11-17T04:44:47","slug":"la-sortie","status":"publish","type":"page","link":"http:\/\/www.cliniquemamao.pf\/?page_id=63","title":{"rendered":"La sortie"},"content":{"rendered":"<p>Avant votre d\u00e9part du service, l\u2019infirmi\u00e8re ou la secr\u00e9taire de service vous remet :<\/p>\n<p>Vos feuilles d\u2019examens m\u00e9dicaux.<\/p>\n<p>Vos radiographies, vos examens compl\u00e9mentaires et tous les documents qui vous reviennent.<\/p>\n<p>Et \u00e9ventuellement votre ordonnance m\u00e9dicale et la date de votre prochain rendez-vous m\u00e9dical.<\/p>\n<p>Ensuite, vous vous pr\u00e9sentez au bureau d\u2019accueil de la clinique pour\u00a0:<\/p>\n<p>Remplir les formalit\u00e9s administratives de d\u00e9part.<\/p>\n<p>Eventuellement r\u00e9gler votre facture.<\/p>\n<p>Nous vous rappelons de ne pas oublier vos affaires personnelles (n\u00e9cessaire de toilette, serviettes\u2026).<\/p>\n","protected":false},"excerpt":{"rendered":"<p>Avant votre d\u00e9part du service, l\u2019infirmi\u00e8re ou la secr\u00e9taire de service vous remet : Vos feuilles d\u2019examens m\u00e9dicaux. Vos radiographies, vos examens compl\u00e9mentaires et tous les documents qui vous reviennent. Et \u00e9ventuellement votre ordonnance m\u00e9dicale et la date de votre prochain rendez-vous m\u00e9dical. Ensuite, vous vous pr\u00e9sentez au bureau d\u2019accueil de la clinique pour\u00a0: Remplir &hellip; <a href=\"http:\/\/www.cliniquemamao.pf\/?page_id=63\" class=\"more-link\">Continuer la lecture<span class=\"screen-reader-text\"> de <span class=\"screen-reader-text\">La sortie<\/span><\/span>&nbsp;<span class=\"meta-nav\">&rarr;<\/span><\/a><\/p>\n","protected":false},"author":1,"featured_media":0,"parent":0,"menu_order":0,"comment_status":"closed","ping_status":"closed","template":"","meta":{"footnotes":""},"class_list":["post-63","page","type-page","status-publish","hentry"],"_links":{"self":[{"href":"http:\/\/www.cliniquemamao.pf\/index.php?rest_route=\/wp\/v2\/pages\/63","targetHints":{"allow":["GET"]}}],"collection":[{"href":"http:\/\/www.cliniquemamao.pf\/index.php?rest_route=\/wp\/v2\/pages"}],"about":[{"href":"http:\/\/www.cliniquemamao.pf\/index.php?rest_route=\/wp\/v2\/types\/page"}],"author":[{"embeddable":true,"href":"http:\/\/www.cliniquemamao.pf\/index.php?rest_route=\/wp\/v2\/users\/1"}],"replies":[{"embeddable":true,"href":"http:\/\/www.cliniquemamao.pf\/index.php?rest_route=%2Fwp%2Fv2%2Fcomments&post=63"}],"version-history":[{"count":1,"href":"http:\/\/www.cliniquemamao.pf\/index.php?rest_route=\/wp\/v2\/pages\/63\/revisions"}],"predecessor-version":[{"id":64,"href":"http:\/\/www.cliniquemamao.pf\/index.php?rest_route=\/wp\/v2\/pages\/63\/revisions\/64"}],"wp:attachment":[{"href":"http:\/\/www.cliniquemamao.pf\/index.php?rest_route=%2Fwp%2Fv2%2Fmedia&parent=63"}],"curies":[{"name":"wp","href":"https:\/\/api.w.org\/{rel}","templated":true}]}}